{"id":10,"date":"2024-10-07T20:47:16","date_gmt":"2024-10-08T01:47:16","guid":{"rendered":"http:\/\/localhost:8080\/cc21\/wordpress\/?page_id=10"},"modified":"2025-02-24T23:25:42","modified_gmt":"2025-02-25T04:25:42","slug":"inicio","status":"publish","type":"page","link":"https:\/\/centrocomercial21.com\/index.php\/inicio\/","title":{"rendered":"Inicio"},"content":{"rendered":"\t\t<div data-elementor-type=\"wp-page\" data-elementor-id=\"10\" class=\"elementor elementor-10\">\n\t\t\t\t<div class=\"elementor-element elementor-element-3d6840e e-flex e-con-boxed e-con e-parent\" data-id=\"3d6840e\" data-element_type=\"container\">\n\t\t\t\t\t<div class=\"e-con-inner\">\n\t\t\t\t<div class=\"elementor-element elementor-element-4f9e0d0 e-transform e-transform elementor-widget elementor-widget-text-editor\" data-id=\"4f9e0d0\" data-element_type=\"widget\" data-settings=\"{&quot;_transform_rotateZ_effect_hover&quot;:{&quot;unit&quot;:&quot;px&quot;,&quot;size&quot;:&quot;&quot;,&quot;sizes&quot;:[]},&quot;_transform_rotateZ_effect_hover_tablet&quot;:{&quot;unit&quot;:&quot;deg&quot;,&quot;size&quot;:&quot;&quot;,&quot;sizes&quot;:[]},&quot;_transform_rotateZ_effect_hover_mobile&quot;:{&quot;unit&quot;:&quot;deg&quot;,&quot;size&quot;:&quot;&quot;,&quot;sizes&quot;:[]},&quot;_transform_translateX_effect_hover&quot;:{&quot;unit&quot;:&quot;px&quot;,&quot;size&quot;:&quot;&quot;,&quot;sizes&quot;:[]},&quot;_transform_translateX_effect_hover_tablet&quot;:{&quot;unit&quot;:&quot;px&quot;,&quot;size&quot;:&quot;&quot;,&quot;sizes&quot;:[]},&quot;_transform_translateX_effect_hover_mobile&quot;:{&quot;unit&quot;:&quot;px&quot;,&quot;size&quot;:&quot;&quot;,&quot;sizes&quot;:[]},&quot;_transform_translateY_effect_hover&quot;:{&quot;unit&quot;:&quot;px&quot;,&quot;size&quot;:&quot;&quot;,&quot;sizes&quot;:[]},&quot;_transform_translateY_effect_hover_tablet&quot;:{&quot;unit&quot;:&quot;px&quot;,&quot;size&quot;:&quot;&quot;,&quot;sizes&quot;:[]},&quot;_transform_translateY_effect_hover_mobile&quot;:{&quot;unit&quot;:&quot;px&quot;,&quot;size&quot;:&quot;&quot;,&quot;sizes&quot;:[]}}\" data-widget_type=\"text-editor.default\">\n\t\t\t\t<div class=\"elementor-widget-container\">\n\t\t\t\t\t\t\t\t\t<p style=\"text-align: center;\"><strong><u>MISION <\/u><\/strong><\/p>\n<p style=\"text-align: left;\">El Centro Comercial 21 trabaja con efectividad para brindar soluciones tecnol\u00f3gicas a la medida de su necesidad de manera profesional y eficaz con altos est\u00e1ndares de calidad, servicio, efectividad, innovaci\u00f3n y cumplimiento, para ofrecer y prestar la mejor atenci\u00f3n y servicio que los clientes, usuarios y visitantes merecen. Esto con el fin de lograr su fidelidad y confianza y as\u00ed poder generar un mejor ambiente y las mejores condiciones para que nuestros clientes encuentren amplias alternativas y servicios a su disposici\u00f3n.<\/p>\n<p style=\"text-align: center;\"><strong style=\"text-align: center; background-color: var(--wp--preset--color--base); color: var(--wp--preset--color--contrast); font-family: var(--wp--preset--font-family--body); font-size: var(--wp--preset--font-size--medium);\"><u>VISION<\/u><\/strong><\/p>\n<p>En el 2030 el Centro Comercial 21 est\u00e1 proyectado a estar a la vanguardia de los mejores Centros Comerciales de Tecnolog\u00eda de Bogot\u00e1, posicion\u00e1ndonos como el mejor de la zona del centro en el ensamble, venta, mantenimiento, accesorios, suministros para PC y Port\u00e1tiles, reparaci\u00f3n y venta de impresoras\u00a0 l\u00e1ser, inyecci\u00f3n de tinta, sistemas pos, recarga de toner y servicios de todo lo relacionado con lo permanente en innovaci\u00f3n; se dispondr\u00e1 a impulsar el trabajo en equipo con los propietarios y locatarios con el fin de satisfacer las necesidades de los clientes internos y externos.<\/p>\n<p style=\"text-align: left;\">Se dispondr\u00e1 de excelentes comunicaciones y amplia publicidad regida de principios de eficiencia y mejoramiento continuo que supere las expectativas de los clientes logrando reconocimiento, calidad y fidelizaci\u00f3n.<\/p>\n<p><strong><u>Nuestros Valores<\/u><\/strong><\/p>\n<ul>\n<li>Compromiso<\/li>\n<li>Responsabilidad<\/li>\n<li>Trabajo en Equipo.<\/li>\n<li>B\u00fasqueda de mejora constante.<\/li>\n<li>Respeto por la Ecolog\u00eda.<\/li>\n<li>Lealtad a nuestros Proveedores y<\/li>\n<li>Honestidad.<\/li>\n<\/ul>\t\t\t\t\t\t\t\t<\/div>\n\t\t\t\t<\/div>\n\t\t\t\t\t<\/div>\n\t\t\t\t<\/div>\n\t\t<div class=\"elementor-element elementor-element-97d28ba e-flex e-con-boxed e-con e-parent\" data-id=\"97d28ba\" data-element_type=\"container\">\n\t\t\t\t\t<div class=\"e-con-inner\">\n\t\t\t\t<div class=\"elementor-element elementor-element-dfa9895 elementor-button-info elementor-widget elementor-widget-button\" data-id=\"dfa9895\" data-element_type=\"widget\" data-widget_type=\"button.default\">\n\t\t\t\t<div class=\"elementor-widget-container\">\n\t\t\t\t\t\t\t\t\t<div class=\"elementor-button-wrapper\">\n\t\t\t\t\t<a class=\"elementor-button elementor-button-link elementor-size-sm\" href=\"https:\/\/centrocomercial21.com\/\">\n\t\t\t\t\t\t<span class=\"elementor-button-content-wrapper\">\n\t\t\t\t\t\t\t\t\t<span class=\"elementor-button-text\">Volver<\/span>\n\t\t\t\t\t<\/span>\n\t\t\t\t\t<\/a>\n\t\t\t\t<\/div>\n\t\t\t\t\t\t\t\t<\/div>\n\t\t\t\t<\/div>\n\t\t\t\t\t<\/div>\n\t\t\t\t<\/div>\n\t\t\t\t<\/div>\n\t\t","protected":false},"excerpt":{"rendered":"<p>MISION El Centro Comercial 21 trabaja con efectividad para brindar soluciones tecnol\u00f3gicas a la medida de su necesidad de manera profesional y eficaz con altos est\u00e1ndares de calidad, servicio, efectividad, innovaci\u00f3n y cumplimiento, para ofrecer y prestar la mejor atenci\u00f3n y servicio que los clientes, usuarios y visitantes merecen. Esto con el fin de lograr [&hellip;]<\/p>\n","protected":false},"author":1,"featured_media":0,"parent":0,"menu_order":0,"comment_status":"closed","ping_status":"closed","template":"","meta":{"footnotes":""},"class_list":["post-10","page","type-page","status-publish","hentry"],"_links":{"self":[{"href":"https:\/\/centrocomercial21.com\/index.php\/wp-json\/wp\/v2\/pages\/10","targetHints":{"allow":["GET"]}}],"collection":[{"href":"https:\/\/centrocomercial21.com\/index.php\/wp-json\/wp\/v2\/pages"}],"about":[{"href":"https:\/\/centrocomercial21.com\/index.php\/wp-json\/wp\/v2\/types\/page"}],"author":[{"embeddable":true,"href":"https:\/\/centrocomercial21.com\/index.php\/wp-json\/wp\/v2\/users\/1"}],"replies":[{"embeddable":true,"href":"https:\/\/centrocomercial21.com\/index.php\/wp-json\/wp\/v2\/comments?post=10"}],"version-history":[{"count":41,"href":"https:\/\/centrocomercial21.com\/index.php\/wp-json\/wp\/v2\/pages\/10\/revisions"}],"predecessor-version":[{"id":1091,"href":"https:\/\/centrocomercial21.com\/index.php\/wp-json\/wp\/v2\/pages\/10\/revisions\/1091"}],"wp:attachment":[{"href":"https:\/\/centrocomercial21.com\/index.php\/wp-json\/wp\/v2\/media?parent=10"}],"curies":[{"name":"wp","href":"https:\/\/api.w.org\/{rel}","templated":true}]}}