{"id":1059,"date":"2025-02-27T10:18:24","date_gmt":"2025-02-27T15:18:24","guid":{"rendered":"https:\/?page_id=1059"},"modified":"2025-02-27T10:19:27","modified_gmt":"2025-02-27T15:19:27","slug":"comunicados","status":"publish","type":"page","link":"https:\/\/centrocomercial21.com\/index.php\/comunicados\/","title":{"rendered":"Comunicados"},"content":{"rendered":"\t\t<div data-elementor-type=\"wp-page\" data-elementor-id=\"1059\" class=\"elementor elementor-1059\">\n\t\t\t\t<div class=\"elementor-element elementor-element-87ef70e e-flex e-con-boxed e-con e-parent\" data-id=\"87ef70e\" data-element_type=\"container\">\n\t\t\t\t\t<div class=\"e-con-inner\">\n\t\t\t\t<div class=\"elementor-element elementor-element-bc3a791 animated-slow elementor-invisible elementor-widget elementor-widget-testimonial\" data-id=\"bc3a791\" data-element_type=\"widget\" data-settings=\"{&quot;_animation&quot;:&quot;flash&quot;}\" data-widget_type=\"testimonial.default\">\n\t\t\t\t<div class=\"elementor-widget-container\">\n\t\t\t\t\t\t\t<div class=\"elementor-testimonial-wrapper\">\n\t\t\t\t\t\t\t<div class=\"elementor-testimonial-content\">\nEl CC21 Informa a nuestros visitantes:\n\nQu\u00e9 el \u00fanico medio autorizado para recolectar informaci\u00f3n acerca de los datos personales es la oficina de administraci\u00f3n del centro comercial 21 P.H. ubicada en el cuarto piso del centro comercial.\nActualmente no estamos realizando campa\u00f1as ni concursos internos de ninguna \u00edndole por tal motivo no estamos recolectando datos de nuestros clientes y visitantes. \nCumplimos con lo mandado en la ley 1581 de 2012 y el decreto 1377 de 2013 en cuanto al tratamiento de datos. \nCualquier duda sobre el particular no dude en contactar a la oficina de administraci\u00f3n del centro comercial 21 ubicada en el cuarto piso del mismo centro o a trav\u00e9s del correo electr\u00f3nico admon.cc21ph@gmail.com y tel\u00e9fono +576012847073.<\/div>\n\t\t\t\n\t\t\t\t\t\t<div class=\"elementor-testimonial-meta elementor-has-image elementor-testimonial-image-position-top\">\n\t\t\t\t<div class=\"elementor-testimonial-meta-inner\">\n\t\t\t\t\t\t\t\t\t\t\t<div class=\"elementor-testimonial-image\">\n\t\t\t\t\t\t\t<img decoding=\"async\" width=\"176\" height=\"163\" src=\"https:\/\/centrocomercial21.com\/wp-content\/uploads\/2024\/10\/Logo-Paint.png\" class=\"attachment-full size-full wp-image-58\" alt=\"\" \/>\t\t\t\t\t\t<\/div>\n\t\t\t\t\t\n\t\t\t\t\t\t\t\t\t\t<div class=\"elementor-testimonial-details\">\n\t\t\t\t\t\t\t\t\t\t\t\t\t\t<div class=\"elementor-testimonial-name\">Centro Comercial 21<\/div>\n\t\t\t\t\t\t\t\t\t\t\t\t\t\t\t\t\t\t\t\t\t\t<div class=\"elementor-testimonial-job\">Administraci\u00f3n<\/div>\n\t\t\t\t\t\t\t\t\t\t\t\t\t<\/div>\n\t\t\t\t\t\t\t\t\t<\/div>\n\t\t\t<\/div>\n\t\t\t\t\t<\/div>\n\t\t\t\t\t\t<\/div>\n\t\t\t\t<\/div>\n\t\t\t\t\t<\/div>\n\t\t\t\t<\/div>\n\t\t\t\t<\/div>\n\t\t","protected":false},"excerpt":{"rendered":"<p>El CC21 Informa a nuestros visitantes: Qu\u00e9 el \u00fanico medio autorizado para recolectar informaci\u00f3n acerca de los datos personales es la oficina de administraci\u00f3n del centro comercial 21 P.H. ubicada en el cuarto piso del centro comercial. Actualmente no estamos realizando campa\u00f1as ni concursos internos de ninguna \u00edndole por tal motivo no estamos recolectando datos [&hellip;]<\/p>\n","protected":false},"author":1,"featured_media":0,"parent":0,"menu_order":0,"comment_status":"closed","ping_status":"closed","template":"elementor_theme","meta":{"footnotes":""},"class_list":["post-1059","page","type-page","status-publish","hentry"],"_links":{"self":[{"href":"https:\/\/centrocomercial21.com\/index.php\/wp-json\/wp\/v2\/pages\/1059","targetHints":{"allow":["GET"]}}],"collection":[{"href":"https:\/\/centrocomercial21.com\/index.php\/wp-json\/wp\/v2\/pages"}],"about":[{"href":"https:\/\/centrocomercial21.com\/index.php\/wp-json\/wp\/v2\/types\/page"}],"author":[{"embeddable":true,"href":"https:\/\/centrocomercial21.com\/index.php\/wp-json\/wp\/v2\/users\/1"}],"replies":[{"embeddable":true,"href":"https:\/\/centrocomercial21.com\/index.php\/wp-json\/wp\/v2\/comments?post=1059"}],"version-history":[{"count":67,"href":"https:\/\/centrocomercial21.com\/index.php\/wp-json\/wp\/v2\/pages\/1059\/revisions"}],"predecessor-version":[{"id":1345,"href":"https:\/\/centrocomercial21.com\/index.php\/wp-json\/wp\/v2\/pages\/1059\/revisions\/1345"}],"wp:attachment":[{"href":"https:\/\/centrocomercial21.com\/index.php\/wp-json\/wp\/v2\/media?parent=1059"}],"curies":[{"name":"wp","href":"https:\/\/api.w.org\/{rel}","templated":true}]}}