{"id":12,"date":"2024-10-07T20:48:06","date_gmt":"2024-10-08T01:48:06","guid":{"rendered":"http:\/\/localhost:8080\/cc21\/wordpress\/?page_id=12"},"modified":"2025-02-24T23:28:48","modified_gmt":"2025-02-25T04:28:48","slug":"historia","status":"publish","type":"page","link":"https:\/\/centrocomercial21.com\/index.php\/historia\/","title":{"rendered":"Historia"},"content":{"rendered":"\t\t<div data-elementor-type=\"wp-page\" data-elementor-id=\"12\" class=\"elementor elementor-12\">\n\t\t\t\t<div class=\"elementor-element elementor-element-0ba0f1a e-flex e-con-boxed e-con e-parent\" data-id=\"0ba0f1a\" data-element_type=\"container\">\n\t\t\t\t\t<div class=\"e-con-inner\">\n\t\t\t\t<div class=\"elementor-element elementor-element-0d70d47 elementor-widget elementor-widget-text-editor\" data-id=\"0d70d47\" data-element_type=\"widget\" data-widget_type=\"text-editor.default\">\n\t\t\t\t<div class=\"elementor-widget-container\">\n\t\t\t\t\t\t\t\t\t<p>Mediante la Resoluci\u00f3n Administrativa y\/o registro en base de datos de propiedad horizontal <strong>No.78 del 22 de abril de 2002<\/strong>, fue inscrita por la Alcald\u00eda Local de SANTA FE, la Personer\u00eda Jur\u00eddica para el <strong>EDIFICIO CENTRO COMERCIAL 21 &#8211; PROPIEDAD HORIZONTAL, Nit. No. 860.534.741-1<\/strong>, entidad sin \u00e1nimo de lucro, ubicada en la <strong>Carrera 10 No. 21 &#8211; 06<\/strong> de esta ciudad, conforme a lo previsto en el <strong>Art\u00edculo 8 de la Ley 675 de 2001<\/strong>.<\/p><p>La solicitud de inscripci\u00f3n se acompa\u00f1a con las fotocopias de la <strong>Escritura P\u00fablica No. 3025 del 29 de septiembre de 2003<\/strong>, corrida ante la <strong>Notar\u00eda 36 del C\u00edrculo Notarial de Bogot\u00e1 D.C.<\/strong> y registrada en la Oficina de Instrumentos P\u00fablicos en el folio de <strong>matr\u00edcula 50C0236453<\/strong>. Lo anterior, atendiendo a lo dispuesto en el art\u00edculo 86 de la Ley 675 de 2001, mediante el cual se establece que, a partir de su entrada en vigencia, los edificios y conjuntos sometidos a los reg\u00edmenes consagrados en las Leyes 182 de 1948, 16 de 1985 y 428 de 1998, se entienden incorporados al \u201cR\u00e9gimen de Propiedad Horizontal\u201d.<\/p>\t\t\t\t\t\t\t\t<\/div>\n\t\t\t\t<\/div>\n\t\t\t\t\t<\/div>\n\t\t\t\t<\/div>\n\t\t<div class=\"elementor-element elementor-element-75e051d e-flex e-con-boxed e-con e-parent\" data-id=\"75e051d\" data-element_type=\"container\">\n\t\t\t\t\t<div class=\"e-con-inner\">\n\t\t\t\t<div class=\"elementor-element elementor-element-cd005a2 elementor-button-info elementor-widget elementor-widget-button\" data-id=\"cd005a2\" data-element_type=\"widget\" data-widget_type=\"button.default\">\n\t\t\t\t<div class=\"elementor-widget-container\">\n\t\t\t\t\t\t\t\t\t<div class=\"elementor-button-wrapper\">\n\t\t\t\t\t<a class=\"elementor-button elementor-button-link elementor-size-sm\" href=\"https:\/\/centrocomercial21.com\/\">\n\t\t\t\t\t\t<span class=\"elementor-button-content-wrapper\">\n\t\t\t\t\t\t\t\t\t<span class=\"elementor-button-text\">Volver<\/span>\n\t\t\t\t\t<\/span>\n\t\t\t\t\t<\/a>\n\t\t\t\t<\/div>\n\t\t\t\t\t\t\t\t<\/div>\n\t\t\t\t<\/div>\n\t\t\t\t\t<\/div>\n\t\t\t\t<\/div>\n\t\t\t\t<\/div>\n\t\t","protected":false},"excerpt":{"rendered":"<p>Mediante la Resoluci\u00f3n Administrativa y\/o registro en base de datos de propiedad horizontal No.78 del 22 de abril de 2002, fue inscrita por la Alcald\u00eda Local de SANTA FE, la Personer\u00eda Jur\u00eddica para el EDIFICIO CENTRO COMERCIAL 21 &#8211; PROPIEDAD HORIZONTAL, Nit. No. 860.534.741-1, entidad sin \u00e1nimo de lucro, ubicada en la Carrera 10 No. [&hellip;]<\/p>\n","protected":false},"author":1,"featured_media":60,"parent":0,"menu_order":0,"comment_status":"closed","ping_status":"closed","template":"","meta":{"footnotes":""},"class_list":["post-12","page","type-page","status-publish","has-post-thumbnail","hentry"],"_links":{"self":[{"href":"https:\/\/centrocomercial21.com\/index.php\/wp-json\/wp\/v2\/pages\/12","targetHints":{"allow":["GET"]}}],"collection":[{"href":"https:\/\/centrocomercial21.com\/index.php\/wp-json\/wp\/v2\/pages"}],"about":[{"href":"https:\/\/centrocomercial21.com\/index.php\/wp-json\/wp\/v2\/types\/page"}],"author":[{"embeddable":true,"href":"https:\/\/centrocomercial21.com\/index.php\/wp-json\/wp\/v2\/users\/1"}],"replies":[{"embeddable":true,"href":"https:\/\/centrocomercial21.com\/index.php\/wp-json\/wp\/v2\/comments?post=12"}],"version-history":[{"count":16,"href":"https:\/\/centrocomercial21.com\/index.php\/wp-json\/wp\/v2\/pages\/12\/revisions"}],"predecessor-version":[{"id":1095,"href":"https:\/\/centrocomercial21.com\/index.php\/wp-json\/wp\/v2\/pages\/12\/revisions\/1095"}],"wp:featuredmedia":[{"embeddable":true,"href":"https:\/\/centrocomercial21.com\/index.php\/wp-json\/wp\/v2\/media\/60"}],"wp:attachment":[{"href":"https:\/\/centrocomercial21.com\/index.php\/wp-json\/wp\/v2\/media?parent=12"}],"curies":[{"name":"wp","href":"https:\/\/api.w.org\/{rel}","templated":true}]}}